{"id":25611,"date":"2023-10-30T01:23:34","date_gmt":"2023-10-30T05:23:34","guid":{"rendered":"https:\/\/tickd.cl\/?page_id=25611"},"modified":"2024-06-13T22:32:49","modified_gmt":"2024-06-14T02:32:49","slug":"calasanz","status":"publish","type":"page","link":"https:\/\/tickd.cl\/en\/calasanz\/","title":{"rendered":"calasanz"},"content":{"rendered":"<div data-elementor-type=\"wp-page\" data-elementor-id=\"25611\" class=\"elementor elementor-25611\" data-elementor-post-type=\"page\">\n\t\t\t\t<div class=\"elementor-element elementor-element-590afdc e-con-full e-flex e-con e-parent\" data-id=\"590afdc\" data-element_type=\"container\" data-settings=\"{&quot;background_background&quot;:&quot;classic&quot;}\">\n\t\t<div class=\"elementor-element elementor-element-48fbb63 e-con-full e-flex e-con e-child\" data-id=\"48fbb63\" data-element_type=\"container\">\n\t\t\t\t<div class=\"elementor-element elementor-element-8584080 elementor-widget elementor-widget-spacer\" data-id=\"8584080\" data-element_type=\"widget\" data-widget_type=\"spacer.default\">\n\t\t\t\t<div class=\"elementor-widget-container\">\n\t\t\t\t\t\t\t<div class=\"elementor-spacer\">\n\t\t\t<div class=\"elementor-spacer-inner\"><\/div>\n\t\t<\/div>\n\t\t\t\t\t\t<\/div>\n\t\t\t\t<\/div>\n\t\t\t\t<\/div>\n\t\t<div class=\"elementor-element elementor-element-8941f53 e-con-full e-flex e-con e-child\" data-id=\"8941f53\" data-element_type=\"container\">\n\t\t\t\t<div class=\"elementor-element elementor-element-ef374de elementor-widget elementor-widget-image\" data-id=\"ef374de\" data-element_type=\"widget\" data-widget_type=\"image.default\">\n\t\t\t\t<div class=\"elementor-widget-container\">\n\t\t\t\t\t\t\t\t\t\t\t\t\t\t\t<img fetchpriority=\"high\" decoding=\"async\" width=\"800\" height=\"516\" src=\"https:\/\/tickd.cl\/wp-content\/uploads\/2023\/10\/logo-calasanz.png\" class=\"attachment-large size-large wp-image-25599\" alt=\"\" srcset=\"https:\/\/tickd.cl\/wp-content\/uploads\/2023\/10\/logo-calasanz.png 800w, https:\/\/tickd.cl\/wp-content\/uploads\/2023\/10\/logo-calasanz-300x194.png 300w, https:\/\/tickd.cl\/wp-content\/uploads\/2023\/10\/logo-calasanz-768x495.png 768w, https:\/\/tickd.cl\/wp-content\/uploads\/2023\/10\/logo-calasanz-18x12.png 18w\" sizes=\"(max-width: 800px) 100vw, 800px\" \/>\t\t\t\t\t\t\t\t\t\t\t\t\t\t\t<\/div>\n\t\t\t\t<\/div>\n\t\t\t\t<\/div>\n\t\t<div class=\"elementor-element elementor-element-cfd442c e-con-full e-flex e-con e-child\" data-id=\"cfd442c\" data-element_type=\"container\">\n\t\t\t\t<div class=\"elementor-element elementor-element-3ec21c2 elementor-widget-tablet__width-initial elementor-invisible elementor-widget elementor-widget-heading\" data-id=\"3ec21c2\" data-element_type=\"widget\" data-settings=\"{&quot;_animation&quot;:&quot;fadeInDown&quot;}\" data-widget_type=\"heading.default\">\n\t\t\t\t<div class=\"elementor-widget-container\">\n\t\t\t\t\t<h1 class=\"elementor-heading-title elementor-size-default\">EXCLUSIVOS SOCIOS CFC<\/h1>\t\t\t\t<\/div>\n\t\t\t\t<\/div>\n\t\t\t\t<div class=\"elementor-element elementor-element-2b5c0e5 elementor-widget elementor-widget-heading\" data-id=\"2b5c0e5\" data-element_type=\"widget\" data-widget_type=\"heading.default\">\n\t\t\t\t<div class=\"elementor-widget-container\">\n\t\t\t\t\t<h2 class=\"elementor-heading-title elementor-size-default\"> CAMARA 360\u00ba  - DJ - KARAOKE<\/h2>\t\t\t\t<\/div>\n\t\t\t\t<\/div>\n\t\t\t\t<\/div>\n\t\t<div class=\"elementor-element elementor-element-5fcde85 e-con-full e-flex e-con e-child\" data-id=\"5fcde85\" data-element_type=\"container\">\n\t\t\t\t<div class=\"elementor-element elementor-element-30ad17c elementor-widget elementor-widget-spacer\" data-id=\"30ad17c\" data-element_type=\"widget\" data-widget_type=\"spacer.default\">\n\t\t\t\t<div class=\"elementor-widget-container\">\n\t\t\t\t\t\t\t<div class=\"elementor-spacer\">\n\t\t\t<div class=\"elementor-spacer-inner\"><\/div>\n\t\t<\/div>\n\t\t\t\t\t\t<\/div>\n\t\t\t\t<\/div>\n\t\t\t\t<div class=\"elementor-element elementor-element-7034504 elementor-invisible elementor-widget elementor-widget-heading\" data-id=\"7034504\" data-element_type=\"widget\" data-settings=\"{&quot;_animation&quot;:&quot;fadeInUp&quot;}\" data-widget_type=\"heading.default\">\n\t\t\t\t<div class=\"elementor-widget-container\">\n\t\t\t\t\t<h2 class=\"elementor-heading-title elementor-size-default\">\u00a1VEN A DISFRUTAR Y <br \/> CERREMOS <br \/>JUNTOS EL 2023!<\/h2>\t\t\t\t<\/div>\n\t\t\t\t<\/div>\n\t\t\t\t<div class=\"elementor-element elementor-element-d188f84 elementor-widget elementor-widget-spacer\" data-id=\"d188f84\" data-element_type=\"widget\" data-widget_type=\"spacer.default\">\n\t\t\t\t<div class=\"elementor-widget-container\">\n\t\t\t\t\t\t\t<div class=\"elementor-spacer\">\n\t\t\t<div class=\"elementor-spacer-inner\"><\/div>\n\t\t<\/div>\n\t\t\t\t\t\t<\/div>\n\t\t\t\t<\/div>\n\t\t\t\t<div class=\"elementor-element elementor-element-304e7fe elementor-widget elementor-widget-spacer\" data-id=\"304e7fe\" data-element_type=\"widget\" data-widget_type=\"spacer.default\">\n\t\t\t\t<div class=\"elementor-widget-container\">\n\t\t\t\t\t\t\t<div class=\"elementor-spacer\">\n\t\t\t<div class=\"elementor-spacer-inner\"><\/div>\n\t\t<\/div>\n\t\t\t\t\t\t<\/div>\n\t\t\t\t<\/div>\n\t\t\t\t<div class=\"elementor-element elementor-element-6a46192 elementor-align-center elementor-widget elementor-widget-button\" data-id=\"6a46192\" data-element_type=\"widget\" data-widget_type=\"button.default\">\n\t\t\t\t<div class=\"elementor-widget-container\">\n\t\t\t\t\t\t\t\t\t<div class=\"elementor-button-wrapper\">\n\t\t\t\t\t<a class=\"elementor-button elementor-size-md\" role=\"button\">\n\t\t\t\t\t\t<span class=\"elementor-button-content-wrapper\">\n\t\t\t\t\t\t\t\t\t<span class=\"elementor-button-text\">EVENTO TERMINADO<\/span>\n\t\t\t\t\t<\/span>\n\t\t\t\t\t<\/a>\n\t\t\t\t<\/div>\n\t\t\t\t\t\t\t\t<\/div>\n\t\t\t\t<\/div>\n\t\t\t\t<\/div>\n\t\t<div class=\"elementor-element elementor-element-bc41d73 e-con-full e-flex e-con e-child\" data-id=\"bc41d73\" data-element_type=\"container\">\n\t\t\t\t<div class=\"elementor-element elementor-element-919d2e2 elementor-widget elementor-widget-heading\" data-id=\"919d2e2\" data-element_type=\"widget\" data-widget_type=\"heading.default\">\n\t\t\t\t<div class=\"elementor-widget-container\">\n\t\t\t\t\t<h2 class=\"elementor-heading-title elementor-size-default\">SAB 18 NOV <\/br> 21.00 - 1.30 HRS<\/h2>\t\t\t\t<\/div>\n\t\t\t\t<\/div>\n\t\t\t\t<div class=\"elementor-element elementor-element-d55c188 elementor-hidden-desktop elementor-hidden-laptop elementor-hidden-tablet elementor-hidden-mobile elementor-widget elementor-widget-image\" data-id=\"d55c188\" data-element_type=\"widget\" data-widget_type=\"image.default\">\n\t\t\t\t<div class=\"elementor-widget-container\">\n\t\t\t\t\t\t\t\t\t\t\t\t\t\t\t<img decoding=\"async\" width=\"216\" height=\"216\" src=\"https:\/\/tickd.cl\/wp-content\/uploads\/2023\/11\/QR.jpg\" class=\"attachment-large size-large wp-image-26061\" alt=\"\" srcset=\"https:\/\/tickd.cl\/wp-content\/uploads\/2023\/11\/QR.jpg 216w, https:\/\/tickd.cl\/wp-content\/uploads\/2023\/11\/QR-150x150.jpg 150w, https:\/\/tickd.cl\/wp-content\/uploads\/2023\/11\/QR-12x12.jpg 12w\" sizes=\"(max-width: 216px) 100vw, 216px\" \/>\t\t\t\t\t\t\t\t\t\t\t\t\t\t\t<\/div>\n\t\t\t\t<\/div>\n\t\t\t\t<div class=\"elementor-element elementor-element-8aedb2a elementor-hidden-desktop elementor-hidden-laptop elementor-hidden-tablet elementor-hidden-mobile elementor-invisible elementor-widget elementor-widget-heading\" data-id=\"8aedb2a\" data-element_type=\"widget\" data-settings=\"{&quot;_animation&quot;:&quot;fadeInUp&quot;}\" data-widget_type=\"heading.default\">\n\t\t\t\t<div class=\"elementor-widget-container\">\n\t\t\t\t\t<h2 class=\"elementor-heading-title elementor-size-default\">\u00a1ESCAN\u00c9AME!<\/h2>\t\t\t\t<\/div>\n\t\t\t\t<\/div>\n\t\t\t\t<\/div>\n\t\t<div class=\"elementor-element elementor-element-a3a95cc e-con-full e-flex e-con e-child\" data-id=\"a3a95cc\" data-element_type=\"container\">\n\t\t\t\t<div class=\"elementor-element elementor-element-d8e77c5 elementor-widget elementor-widget-spacer\" data-id=\"d8e77c5\" data-element_type=\"widget\" data-widget_type=\"spacer.default\">\n\t\t\t\t<div class=\"elementor-widget-container\">\n\t\t\t\t\t\t\t<div class=\"elementor-spacer\">\n\t\t\t<div class=\"elementor-spacer-inner\"><\/div>\n\t\t<\/div>\n\t\t\t\t\t\t<\/div>\n\t\t\t\t<\/div>\n\t\t\t\t<div class=\"elementor-element elementor-element-52dcb4d elementor-hidden-desktop elementor-hidden-laptop elementor-hidden-tablet elementor-hidden-mobile elementor-widget elementor-widget-heading\" data-id=\"52dcb4d\" data-element_type=\"widget\" data-widget_type=\"heading.default\">\n\t\t\t\t<div class=\"elementor-widget-container\">\n\t\t\t\t\t<h2 class=\"elementor-heading-title elementor-size-default\">CASINO CALASANZ<br \/>\nENTRADA: SOCIO CFC $16.500\/ GENERAL $22.000<br \/>\nINCLUYE HAMBURGUESA \/ BEBESTIBLESEste art\u00edculo menciona tus <a href=\"https:\/\/www.high-endrolex.com\/\">hats<\/a> favoritos a precios s\u00faper bajos. Elija entre entrega el mismo d\u00eda, entrega desde el veh\u00edculo o recogida de pedidos.\n<\/h2>\t\t\t\t<\/div>\n\t\t\t\t<\/div>\n\t\t\t\t<div class=\"elementor-element elementor-element-702a4e9 elementor-widget elementor-widget-spacer\" data-id=\"702a4e9\" data-element_type=\"widget\" data-widget_type=\"spacer.default\">\n\t\t\t\t<div class=\"elementor-widget-container\">\n\t\t\t\t\t\t\t<div class=\"elementor-spacer\">\n\t\t\t<div class=\"elementor-spacer-inner\"><\/div>\n\t\t<\/div>\n\t\t\t\t\t\t<\/div>\n\t\t\t\t<\/div>\n\t\t\t\t<div class=\"elementor-element elementor-element-4b9ebac elementor-widget elementor-widget-spacer\" data-id=\"4b9ebac\" data-element_type=\"widget\" data-widget_type=\"spacer.default\">\n\t\t\t\t<div class=\"elementor-widget-container\">\n\t\t\t\t\t\t\t<div class=\"elementor-spacer\">\n\t\t\t<div class=\"elementor-spacer-inner\"><\/div>\n\t\t<\/div>\n\t\t\t\t\t\t<\/div>\n\t\t\t\t<\/div>\n\t\t\t\t<\/div>\n\t\t\t\t<\/div>\n\t\t\t\t<\/div>","protected":false},"excerpt":{"rendered":"<p>EXCLUSIVOS SOCIOS CFC CAMARA 360\u00ba &#8211; DJ &#8211; KARAOKE \u00a1VEN A DISFRUTAR Y CERREMOS JUNTOS EL 2023! EVENTO TERMINADO SAB 18 NOV 21.00 &#8211; 1.30 HRS \u00a1ESCAN\u00c9AME! CASINO CALASANZ ENTRADA: SOCIO CFC $16.500\/ GENERAL $22.000 INCLUYE HAMBURGUESA \/ BEBESTIBLESEste art\u00edculo menciona tus hats favoritos a precios s\u00faper bajos. Elija entre entrega el mismo d\u00eda, entrega [&hellip;]<\/p>","protected":false},"author":1,"featured_media":0,"parent":0,"menu_order":0,"comment_status":"closed","ping_status":"closed","template":"","meta":{"footnotes":""},"class_list":["post-25611","page","type-page","status-publish","hentry"],"_links":{"self":[{"href":"https:\/\/tickd.cl\/en\/wp-json\/wp\/v2\/pages\/25611","targetHints":{"allow":["GET"]}}],"collection":[{"href":"https:\/\/tickd.cl\/en\/wp-json\/wp\/v2\/pages"}],"about":[{"href":"https:\/\/tickd.cl\/en\/wp-json\/wp\/v2\/types\/page"}],"author":[{"embeddable":true,"href":"https:\/\/tickd.cl\/en\/wp-json\/wp\/v2\/users\/1"}],"replies":[{"embeddable":true,"href":"https:\/\/tickd.cl\/en\/wp-json\/wp\/v2\/comments?post=25611"}],"version-history":[{"count":130,"href":"https:\/\/tickd.cl\/en\/wp-json\/wp\/v2\/pages\/25611\/revisions"}],"predecessor-version":[{"id":26090,"href":"https:\/\/tickd.cl\/en\/wp-json\/wp\/v2\/pages\/25611\/revisions\/26090"}],"wp:attachment":[{"href":"https:\/\/tickd.cl\/en\/wp-json\/wp\/v2\/media?parent=25611"}],"curies":[{"name":"wp","href":"https:\/\/api.w.org\/{rel}","templated":true}]}}